{"id":845,"date":"2018-10-21T21:07:37","date_gmt":"2018-10-21T19:07:37","guid":{"rendered":"https:\/\/november1938.at\/impressum\/"},"modified":"2018-11-12T12:32:31","modified_gmt":"2018-11-12T11:32:31","slug":"legal-notice","status":"publish","type":"page","link":"https:\/\/november1938.at\/en\/legal-notice\/","title":{"rendered":"Legal Notice"},"content":{"rendered":"\t\t<div data-elementor-type=\"wp-post\" data-elementor-id=\"845\" class=\"elementor elementor-845 elementor-369 elementor-bc-flex-widget\">\n\t\t\t\t\t\t<div class=\"elementor-inner\">\n\t\t\t\t<div class=\"elementor-section-wrap\">\n\t\t\t\t\t\t\t\t\t<section class=\"elementor-section elementor-top-section elementor-element elementor-element-9121c87 elementor-section-boxed elementor-section-height-default elementor-section-height-default\" data-id=\"9121c87\" data-element_type=\"section\" data-settings=\"{&quot;background_background&quot;:&quot;classic&quot;}\">\n\t\t\t\t\t\t<div class=\"elementor-container elementor-column-gap-default\">\n\t\t\t\t\t\t\t<div class=\"elementor-row\">\n\t\t\t\t\t<div class=\"elementor-column elementor-col-100 elementor-top-column elementor-element elementor-element-90fcaa0\" data-id=\"90fcaa0\" data-element_type=\"column\">\n\t\t\t<div class=\"elementor-column-wrap elementor-element-populated\">\n\t\t\t\t\t\t\t<div class=\"elementor-widget-wrap\">\n\t\t\t\t\t\t<div class=\"elementor-element elementor-element-cc3a952 elementor-widget elementor-widget-text-editor\" data-id=\"cc3a952\" data-element_type=\"widget\" data-widget_type=\"text-editor.default\">\n\t\t\t\t<div class=\"elementor-widget-container\">\n\t\t\t\t\t\t\t\t<div class=\"elementor-text-editor elementor-clearfix\">\n\t\t\t\t<p><em>Informationspflicht laut \u00a75 E-Commerce Gesetz, \u00a714 Unternehmensgesetzbuch, \u00a763 Gewerbeordnung und Offenlegungspflicht laut \u00a725 Mediengesetz<\/em><\/p>\n<h4>Verantwortlich f\u00fcr dieses Informationsangebot:<\/h4>\n<p>Zentrum zur Erforschung und Dokumentation j\u00fcdischen Lebens in Ost- und Mitteleuropa<br \/>(kurz: <em>Centropa<\/em>)<\/p>\n<p><strong>ZVR:<\/strong> 702944918<\/p>\n<p><strong>Organschaftliche Vertreter:<br \/><\/strong>Edward Serotta<\/p>\n<h4><strong>Kontakt:<\/strong><\/h4>\n<p>Selzergasse 10, Top 5-8<br \/>1150 Wien<br \/>\u00d6sterreich<\/p>\n<p><strong>Tel:<\/strong> +43 1 4090 971<br \/><strong>Fax:<\/strong> +43 1 4090 971 4<br \/><strong>E-Mail:\u00a0<\/strong>ruehle@centropa.org<\/p>\n<h4>Redaktion:<\/h4>\n<p>Fabian R\u00fchle, Tanja Eckstein, Jonathan Schwers, Alexander von Freeden<\/p>\n<h4>Gestaltung &amp; technische Umsetzung:<\/h4>\n<p>Alexander von Freeden \u2014 <a href=\"https:\/\/laikalaika.de\/\">LaikaLaika.de<\/a><\/p>\n<h4>Gender Erkl\u00e4rung:<\/h4>\n<p>Aus Gr\u00fcnden der besseren Lesbarkeit wird auf dieser Seite \u00fcberwiegend die Sprachform des generischen Maskulinums angewendet. Es wird an dieser Stelle darauf hingewiesen, dass die ausschlie\u00dfliche Verwendung der m\u00e4nnlichen Form geschlechtsunabh\u00e4ngig verstanden werden soll.<\/p>\n<hr \/>\n\t\t\t\t\t<\/div>\n\t\t\t\t\t\t<\/div>\n\t\t\t\t<\/div>\n\t\t\t\t<div class=\"elementor-element elementor-element-27243af elementor-widget-divider--view-line elementor-widget elementor-widget-divider\" data-id=\"27243af\" data-element_type=\"widget\" data-widget_type=\"divider.default\">\n\t\t\t\t<div class=\"elementor-widget-container\">\n\t\t\t\t\t<div class=\"elementor-divider\">\n\t\t\t<span class=\"elementor-divider-separator\">\n\t\t\t\t\t\t<\/span>\n\t\t<\/div>\n\t\t\t\t<\/div>\n\t\t\t\t<\/div>\n\t\t\t\t<div class=\"elementor-element elementor-element-0de82d0 elementor-widget elementor-widget-text-editor\" data-id=\"0de82d0\" data-element_type=\"widget\" data-widget_type=\"text-editor.default\">\n\t\t\t\t<div class=\"elementor-widget-container\">\n\t\t\t\t\t\t\t\t<div class=\"elementor-text-editor elementor-clearfix\">\n\t\t\t\t<h2>EU-Streitschlichtung<\/h2>\n<p>Gem\u00e4\u00df Verordnung \u00fcber Online-Streitbeilegung in Verbraucherangelegenheiten (ODR-Verordnung) m\u00f6chten wir Sie \u00fcber die Online-Streitbeilegungsplattform (OS-Plattform) informieren.<br \/>Verbraucher haben die M\u00f6glichkeit, Beschwerden an die Online Streitbeilegungsplattform der Europ\u00e4ischen Kommission unter\u00a0<a href=\"https:\/\/ec.europa.eu\/consumers\/odr\/main\/index.cfm?event=main.home2.show&amp;lng=DE\" target=\"_blank\" rel=\"nofollow noopener\">http:\/\/ec.europa.eu\/odr?tid=221076407<\/a>\u00a0zu richten. Die daf\u00fcr notwendigen Kontaktdaten finden Sie oben in unserem Impressum.<\/p>\n<p>Wir m\u00f6chten Sie jedoch darauf hinweisen, dass wir nicht bereit oder verpflichtet sind, an Streitbeilegungsverfahren vor einer Verbraucherschlichtungsstelle teilzunehmen.<\/p>\n<h2>Haftung f\u00fcr Inhalte dieser Webseite<\/h2>\n<p>Wir entwickeln die Inhalte dieser Webseite st\u00e4ndig weiter und bem\u00fchen uns korrekte und aktuelle Informationen bereitzustellen. Leider k\u00f6nnen wir keine Haftung f\u00fcr die Korrektheit aller Inhalte auf dieser Webseite \u00fcbernehmen, speziell f\u00fcr jene die seitens Dritter bereitgestellt wurden.<\/p>\n<p>Sollten Ihnen problematische oder rechtswidrige Inhalte auffallen, bitte wir Sie uns umgehend zu kontaktieren, Sie finden die Kontaktdaten im Impressum.<\/p>\n<h2>Haftung f\u00fcr Links auf dieser Webseite<\/h2>\n<p>Unsere Webseite enth\u00e4lt Links zu anderen Webseiten f\u00fcr deren Inhalt wir nicht verantwortlich sind. Haftung f\u00fcr verlinkte Websites besteht laut\u00a0<a href=\"https:\/\/www.ris.bka.gv.at\/Dokument.wxe?Abfrage=Bundesnormen&amp;Dokumentnummer=NOR40025813&amp;tid=221076407\" target=\"_blank\" rel=\"noopener nofollow\">\u00a7 17 ECG<\/a>\u00a0f\u00fcr uns nicht, da wir keine Kenntnis rechtswidriger T\u00e4tigkeiten hatten und haben, uns solche Rechtswidrigkeiten auch bisher nicht aufgefallen sind und wir Links sofort entfernen w\u00fcrden, wenn uns Rechtswidrigkeiten bekannt werden.<\/p>\n<p>Wenn Ihnen rechtswidrige Links auf unserer Website auffallen, bitte wir Sie, mit uns Kontakt aufzunehmen.<\/p>\n<h2>Urheberrechtshinweis<\/h2>\n<p>Alle Inhalte dieser Webseite (Bilder, Fotos, Texte, Videos) unterliegen dem Urheberrecht. Inhalte, bei denen die Urheber- und\/oder Nutzungsrechte bei Dritten liegen, sind entsprechend ausgezeichnet.<\/p>\n\t\t\t\t\t<\/div>\n\t\t\t\t\t\t<\/div>\n\t\t\t\t<\/div>\n\t\t\t\t\t\t<\/div>\n\t\t\t\t\t<\/div>\n\t\t<\/div>\n\t\t\t\t\t\t\t\t<\/div>\n\t\t\t\t\t<\/div>\n\t\t<\/section>\n\t\t\t\t\t\t\t\t\t<\/div>\n\t\t\t<\/div>\n\t\t\t\t\t<\/div>\n\t\t","protected":false},"excerpt":{"rendered":"<p>Informationspflicht laut \u00a75 E-Commerce Gesetz, \u00a714 Unternehmensgesetzbuch, \u00a763 Gewerbeordnung und Offenlegungspflicht laut \u00a725 Mediengesetz Verantwortlich f\u00fcr dieses Informationsangebot: Zentrum zur Erforschung und Dokumentation j\u00fcdischen Lebens in Ost- und Mitteleuropa(kurz: Centropa) ZVR: 702944918 Organschaftliche Vertreter:Edward Serotta Kontakt: Selzergasse 10, Top 5-81150 Wien\u00d6sterreich Tel: +43 1 4090 971Fax: +43 1 4090 971 4E-Mail:\u00a0ruehle@centropa.org Redaktion: Fabian R\u00fchle, Tanja &hellip;<\/p>\n<p class=\"read-more\"> <a class=\"\" href=\"https:\/\/november1938.at\/en\/legal-notice\/\"> <span class=\"screen-reader-text\">Legal Notice<\/span> Read More &raquo;<\/a><\/p>\n","protected":false},"author":1,"featured_media":0,"parent":0,"menu_order":0,"comment_status":"closed","ping_status":"closed","template":"","meta":{"site-sidebar-layout":"no-sidebar","site-content-layout":"page-builder","ast-global-header-display":"","ast-main-header-display":"","ast-hfb-above-header-display":"","ast-hfb-below-header-display":"","ast-hfb-mobile-header-display":"","site-post-title":"disabled","ast-breadcrumbs-content":"","ast-featured-img":"disabled","footer-sml-layout":"","theme-transparent-header-meta":"default","adv-header-id-meta":"","stick-header-meta":"default","header-above-stick-meta":"","header-main-stick-meta":"","header-below-stick-meta":""},"yoast_head":"<!-- This site is optimized with the Yoast SEO plugin v19.9 - https:\/\/yoast.com\/wordpress\/plugins\/seo\/ -->\n<title>Legal Notice - November1938.at<\/title>\n<meta name=\"robots\" content=\"index, follow, max-snippet:-1, max-image-preview:large, max-video-preview:-1\" \/>\n<link rel=\"canonical\" href=\"https:\/\/november1938.at\/en\/legal-notice\/\" \/>\n<meta property=\"og:locale\" content=\"en_US\" \/>\n<meta property=\"og:type\" content=\"article\" \/>\n<meta property=\"og:title\" content=\"Legal Notice - November1938.at\" \/>\n<meta property=\"og:description\" content=\"Informationspflicht laut \u00a75 E-Commerce Gesetz, \u00a714 Unternehmensgesetzbuch, \u00a763 Gewerbeordnung und Offenlegungspflicht laut \u00a725 Mediengesetz Verantwortlich f\u00fcr dieses Informationsangebot: Zentrum zur Erforschung und Dokumentation j\u00fcdischen Lebens in Ost- und Mitteleuropa(kurz: Centropa) ZVR: 702944918 Organschaftliche Vertreter:Edward Serotta Kontakt: Selzergasse 10, Top 5-81150 Wien\u00d6sterreich Tel: +43 1 4090 971Fax: +43 1 4090 971 4E-Mail:\u00a0ruehle@centropa.org Redaktion: Fabian R\u00fchle, Tanja &hellip; Legal Notice Read More &raquo;\" \/>\n<meta property=\"og:url\" content=\"https:\/\/november1938.at\/en\/legal-notice\/\" \/>\n<meta property=\"og:site_name\" content=\"November1938.at\" \/>\n<meta property=\"article:publisher\" content=\"https:\/\/www.facebook.com\/Centropa.org\/\" \/>\n<meta property=\"article:modified_time\" content=\"2018-11-12T11:32:31+00:00\" \/>\n<meta property=\"og:image\" content=\"https:\/\/november1938.at\/wp-content\/uploads\/2018\/10\/November1930-opengraph-v01.jpg\" \/>\n\t<meta property=\"og:image:width\" content=\"1200\" \/>\n\t<meta property=\"og:image:height\" content=\"630\" \/>\n\t<meta property=\"og:image:type\" content=\"image\/jpeg\" \/>\n<meta name=\"twitter:card\" content=\"summary_large_image\" \/>\n<meta name=\"twitter:site\" content=\"@centropa\" \/>\n<meta name=\"twitter:label1\" content=\"Est. reading time\" \/>\n\t<meta name=\"twitter:data1\" content=\"2 minutes\" \/>\n<script type=\"application\/ld+json\" class=\"yoast-schema-graph\">{\"@context\":\"https:\/\/schema.org\",\"@graph\":[{\"@type\":\"WebPage\",\"@id\":\"https:\/\/november1938.at\/en\/legal-notice\/\",\"url\":\"https:\/\/november1938.at\/en\/legal-notice\/\",\"name\":\"Legal Notice - November1938.at\",\"isPartOf\":{\"@id\":\"https:\/\/november1938.at\/#website\"},\"datePublished\":\"2018-10-21T19:07:37+00:00\",\"dateModified\":\"2018-11-12T11:32:31+00:00\",\"breadcrumb\":{\"@id\":\"https:\/\/november1938.at\/en\/legal-notice\/#breadcrumb\"},\"inLanguage\":\"en-US\",\"potentialAction\":[{\"@type\":\"ReadAction\",\"target\":[\"https:\/\/november1938.at\/en\/legal-notice\/\"]}]},{\"@type\":\"BreadcrumbList\",\"@id\":\"https:\/\/november1938.at\/en\/legal-notice\/#breadcrumb\",\"itemListElement\":[{\"@type\":\"ListItem\",\"position\":1,\"name\":\"Startseite\",\"item\":\"https:\/\/november1938.at\/en\/\"},{\"@type\":\"ListItem\",\"position\":2,\"name\":\"Legal Notice\"}]},{\"@type\":\"WebSite\",\"@id\":\"https:\/\/november1938.at\/#website\",\"url\":\"https:\/\/november1938.at\/\",\"name\":\"November1938.at\",\"description\":\"\",\"publisher\":{\"@id\":\"https:\/\/november1938.at\/#organization\"},\"potentialAction\":[{\"@type\":\"SearchAction\",\"target\":{\"@type\":\"EntryPoint\",\"urlTemplate\":\"https:\/\/november1938.at\/?s={search_term_string}\"},\"query-input\":\"required name=search_term_string\"}],\"inLanguage\":\"en-US\"},{\"@type\":\"Organization\",\"@id\":\"https:\/\/november1938.at\/#organization\",\"name\":\"November1938.at\",\"url\":\"https:\/\/november1938.at\/\",\"logo\":{\"@type\":\"ImageObject\",\"inLanguage\":\"en-US\",\"@id\":\"https:\/\/november1938.at\/#\/schema\/logo\/image\/\",\"url\":\"https:\/\/november1938.at\/wp-content\/uploads\/2020\/06\/November1938-logo-v02-Centropa-EN-v02.svg\",\"contentUrl\":\"https:\/\/november1938.at\/wp-content\/uploads\/2020\/06\/November1938-logo-v02-Centropa-EN-v02.svg\",\"caption\":\"November1938.at\"},\"image\":{\"@id\":\"https:\/\/november1938.at\/#\/schema\/logo\/image\/\"},\"sameAs\":[\"https:\/\/www.youtube.com\/user\/CentropaFilm\",\"https:\/\/www.facebook.com\/Centropa.org\/\",\"https:\/\/twitter.com\/centropa\"]}]}<\/script>\n<!-- \/ Yoast SEO plugin. -->","yoast_head_json":{"title":"Legal Notice - November1938.at","robots":{"index":"index","follow":"follow","max-snippet":"max-snippet:-1","max-image-preview":"max-image-preview:large","max-video-preview":"max-video-preview:-1"},"canonical":"https:\/\/november1938.at\/en\/legal-notice\/","og_locale":"en_US","og_type":"article","og_title":"Legal Notice - November1938.at","og_description":"Informationspflicht laut \u00a75 E-Commerce Gesetz, \u00a714 Unternehmensgesetzbuch, \u00a763 Gewerbeordnung und Offenlegungspflicht laut \u00a725 Mediengesetz Verantwortlich f\u00fcr dieses Informationsangebot: Zentrum zur Erforschung und Dokumentation j\u00fcdischen Lebens in Ost- und Mitteleuropa(kurz: Centropa) ZVR: 702944918 Organschaftliche Vertreter:Edward Serotta Kontakt: Selzergasse 10, Top 5-81150 Wien\u00d6sterreich Tel: +43 1 4090 971Fax: +43 1 4090 971 4E-Mail:\u00a0ruehle@centropa.org Redaktion: Fabian R\u00fchle, Tanja &hellip; Legal Notice Read More &raquo;","og_url":"https:\/\/november1938.at\/en\/legal-notice\/","og_site_name":"November1938.at","article_publisher":"https:\/\/www.facebook.com\/Centropa.org\/","article_modified_time":"2018-11-12T11:32:31+00:00","og_image":[{"width":1200,"height":630,"url":"https:\/\/november1938.at\/wp-content\/uploads\/2018\/10\/November1930-opengraph-v01.jpg","type":"image\/jpeg"}],"twitter_card":"summary_large_image","twitter_site":"@centropa","twitter_misc":{"Est. reading time":"2 minutes"},"schema":{"@context":"https:\/\/schema.org","@graph":[{"@type":"WebPage","@id":"https:\/\/november1938.at\/en\/legal-notice\/","url":"https:\/\/november1938.at\/en\/legal-notice\/","name":"Legal Notice - November1938.at","isPartOf":{"@id":"https:\/\/november1938.at\/#website"},"datePublished":"2018-10-21T19:07:37+00:00","dateModified":"2018-11-12T11:32:31+00:00","breadcrumb":{"@id":"https:\/\/november1938.at\/en\/legal-notice\/#breadcrumb"},"inLanguage":"en-US","potentialAction":[{"@type":"ReadAction","target":["https:\/\/november1938.at\/en\/legal-notice\/"]}]},{"@type":"BreadcrumbList","@id":"https:\/\/november1938.at\/en\/legal-notice\/#breadcrumb","itemListElement":[{"@type":"ListItem","position":1,"name":"Startseite","item":"https:\/\/november1938.at\/en\/"},{"@type":"ListItem","position":2,"name":"Legal Notice"}]},{"@type":"WebSite","@id":"https:\/\/november1938.at\/#website","url":"https:\/\/november1938.at\/","name":"November1938.at","description":"","publisher":{"@id":"https:\/\/november1938.at\/#organization"},"potentialAction":[{"@type":"SearchAction","target":{"@type":"EntryPoint","urlTemplate":"https:\/\/november1938.at\/?s={search_term_string}"},"query-input":"required name=search_term_string"}],"inLanguage":"en-US"},{"@type":"Organization","@id":"https:\/\/november1938.at\/#organization","name":"November1938.at","url":"https:\/\/november1938.at\/","logo":{"@type":"ImageObject","inLanguage":"en-US","@id":"https:\/\/november1938.at\/#\/schema\/logo\/image\/","url":"https:\/\/november1938.at\/wp-content\/uploads\/2020\/06\/November1938-logo-v02-Centropa-EN-v02.svg","contentUrl":"https:\/\/november1938.at\/wp-content\/uploads\/2020\/06\/November1938-logo-v02-Centropa-EN-v02.svg","caption":"November1938.at"},"image":{"@id":"https:\/\/november1938.at\/#\/schema\/logo\/image\/"},"sameAs":["https:\/\/www.youtube.com\/user\/CentropaFilm","https:\/\/www.facebook.com\/Centropa.org\/","https:\/\/twitter.com\/centropa"]}]}},"_links":{"self":[{"href":"https:\/\/november1938.at\/en\/wp-json\/wp\/v2\/pages\/845"}],"collection":[{"href":"https:\/\/november1938.at\/en\/wp-json\/wp\/v2\/pages"}],"about":[{"href":"https:\/\/november1938.at\/en\/wp-json\/wp\/v2\/types\/page"}],"author":[{"embeddable":true,"href":"https:\/\/november1938.at\/en\/wp-json\/wp\/v2\/users\/1"}],"replies":[{"embeddable":true,"href":"https:\/\/november1938.at\/en\/wp-json\/wp\/v2\/comments?post=845"}],"version-history":[{"count":2,"href":"https:\/\/november1938.at\/en\/wp-json\/wp\/v2\/pages\/845\/revisions"}],"predecessor-version":[{"id":847,"href":"https:\/\/november1938.at\/en\/wp-json\/wp\/v2\/pages\/845\/revisions\/847"}],"wp:attachment":[{"href":"https:\/\/november1938.at\/en\/wp-json\/wp\/v2\/media?parent=845"}],"curies":[{"name":"wp","href":"https:\/\/api.w.org\/{rel}","templated":true}]}}